{"id":21198,"date":"2026-05-07T09:11:32","date_gmt":"2026-05-07T07:11:32","guid":{"rendered":"https:\/\/shop.amaury-dubois.com\/?post_type=product&#038;p=21198"},"modified":"2026-05-07T09:42:26","modified_gmt":"2026-05-07T07:42:26","slug":"hopper-orlean","status":"publish","type":"product","link":"https:\/\/shop.amaury-dubois.com\/en\/shop\/hopper-orlean\/","title":{"rendered":"Hooper &#8211; Orlean"},"content":{"rendered":"<h2><strong>Signed art poster featuring a reinterpretation of Edward Hopper&#8217;s work &#8211; Orl\u00e9ans <\/strong><\/h2>\n<div class=\"flex-shrink-0 flex flex-col relative items-end\">\n<div class=\"pt-0\">\n<div class=\"gizmo-bot-avatar flex h-8 w-8 items-center justify-center overflow-hidden rounded-full\">\n<div class=\"relative p-1 rounded-sm flex items-center justify-center bg-token-main-surface-primary text-token-text-primary h-8 w-8\">\n<p>Amaury Dubois reinterprets Edward Hopper\u2019s famous \u201cPortrait of Orleans\u201d through a contemporary lens in which light and color become the true subjects of the work. True to his visual language, the artist transforms the original painting\u2019s sober and silent atmosphere into an immersive composition driven by gradients, luminous colors, and an almost unreal depth.<\/p>\n<p>In this reinterpretation, architecture and forms interact with a palette that evokes American urban lights. Amaury Dubois pays homage to Hopper\u2019s timeless universe while infusing it with a contemporary aesthetic\u2014more chromatic, more sensory\u2014where every nuance seems to make the space vibrate.<\/p>\n<p><strong>Edward Hopper | Portrait of Orleans \u2013 1950 \u2013 USA<\/strong><\/p>\n<p>A leading figure in American Realism, Edward Hopper left his mark on art history with his minimalist compositions and contemplative atmospheres. His work with light, volume, and silence continues to profoundly influence contemporary painting, cinema, and photography.<\/p>\n<\/div>\n<\/div>\n<\/div>\n<\/div>\n<p><img class=\"alignnone wp-image-11984 size-full\" src=\"https:\/\/shop.amaury-dubois.com\/wp-content\/uploads\/2020\/03\/ocean-affiche-art-tableau-12.jpg\" alt=\"Impression d'art en \u00e9dition limit\u00e9e, sign\u00e9e par l'artiste, repr\u00e9sentant une reproduction d'une peinture contemporaine de paysage marin.\" width=\"424\" height=\"322\" \/> <img class=\"alignnone wp-image-21113 size-full\" src=\"https:\/\/shop.amaury-dubois.com\/wp-content\/uploads\/2026\/04\/reproduction-peinture-hopper-orlean-5.jpg\" alt=\"Affiche d'art sign\u00e9e d'une r\u00e9interpr\u00e9tation d'Edward Hooper - Orlean\" width=\"424\" height=\"322\" \/> <img class=\"alignnone wp-image-11859 size-full\" src=\"https:\/\/shop.amaury-dubois.com\/wp-content\/uploads\/2020\/04\/arbre-de-vie-affiche-art-peinture-8.jpg\" alt=\"arbre de vie peinture signature\" width=\"424\" height=\"322\" \/><\/p>\n<h3><strong>High quality reproduction of an inspired Edward Hopper painting<\/strong><\/h3>\n<p><a href=\"https:\/\/shop.amaury-dubois.com\/en\/product-category\/fine-art-print\/painting-reproduction\/\">The reproductions are edited<\/a> on Hahnem\u00fchle art paper. This museum quality paper offering a finely textured surface to perfectly retranscribe the colors and depth of <a href=\"https:\/\/shop.amaury-dubois.com\/en\/shop\/green-heaven-copie\/\">the green artwork<\/a>, just like the original painting.<\/p>\n<p>After signature, numbering and the application of a security watermark attesting to the uniqueness and authenticity of your art print, it is delicately rolled by hand in silk paper, then inserted in a rigid tube ensuring its protection until its arrival in your hands. We also offer you to receive your order directly ready to hang by managing the framing for you.<\/p>\n<ul>\n<li><strong>The Fine Art Print is numbered and <a href=\"https:\/\/shop.amaury-dubois.com\/en\/your-walls-say-thank-you\/\">signed by hand by the artist in his studio<\/a>.<\/strong><\/li>\n<li><strong><a href=\"https:\/\/shop.amaury-dubois.com\/en\/shop\/fine-art-print-knokke-belgium\/\">Your limited edition artwork<\/a> is transmitted to you with its certificate of authenticity<\/strong><\/li>\n<\/ul>\n<p><iframe title=\"Affiches d&#039;art sign\u00e9es &amp; limit\u00e9es par l&#039;artiste peintre contemporain\" width=\"1100\" height=\"619\" src=\"https:\/\/www.youtube.com\/embed\/Drh1QCz_xFY?feature=oembed&#038;enablejsapi=1&#038;origin=https:\/\/shop.amaury-dubois.com\" frameborder=\"0\" allow=\"accelerometer; autoplay; clipboard-write; encrypted-media; gyroscope; picture-in-picture; web-share\" referrerpolicy=\"strict-origin-when-cross-origin\" allowfullscreen><\/iframe><\/p>\n<p>Discover also other <strong>reproductions of colored and contemporary paintings signed and numbered<\/strong> by the artist: <a href=\"https:\/\/shop.amaury-dubois.com\/en\/shop\/ocean\/\">Contemporary blue painting of the ocean<\/a>, <a href=\"https:\/\/shop.amaury-dubois.com\/en\/shop\/forest-fine-art-print\/\">Fine Art print\u00a0 forest painting<\/a>, <a href=\"https:\/\/shop.amaury-dubois.com\/en\/shop\/envoutement\/\">contemporary painting signed fine art print. <\/a><a href=\"https:\/\/shop.amaury-dubois.com\/en\/shop\/colourful-jungle-painting-art-poster\/\">Colorful jungle fine art print, <\/a><a href=\"https:\/\/shop.amaury-dubois.com\/en\/shop\/fine-art-print-here-come-the-sun\/\">Contemporary Sun artwork, <\/a><a href=\"https:\/\/shop.amaury-dubois.com\/en\/shop\/forest-fine-art-print\/\">Forest signed fine art print.<\/a><\/p>\n<pre class=\" language-css\"><\/pre>\n<h4><strong><span style=\"font-size: 18px;\"> About the Artist<\/span><\/strong><\/h4>\n<hr \/>\n<p><img class=\"alignleft wp-image-7421 size-full\" src=\"https:\/\/shop.amaury-dubois.com\/wp-content\/uploads\/2020\/04\/biographie-artiste.jpg\" alt=\"\" width=\"117\" height=\"117\" srcset=\"https:\/\/shop.amaury-dubois.com\/wp-content\/uploads\/2020\/04\/biographie-artiste.jpg 117w, https:\/\/shop.amaury-dubois.com\/wp-content\/uploads\/2020\/04\/biographie-artiste-100x100.jpg 100w\" sizes=\"(max-width: 117px) 100vw, 117px\" \/><strong>Amaury Dubois\u00a0 <img class=\"size-full wp-image-7422 alignnone\" src=\"https:\/\/shop.amaury-dubois.com\/wp-content\/uploads\/2020\/04\/t\u00e9l\u00e9chargement.png\" alt=\"\" width=\"16\" height=\"11\" \/><\/strong><br \/>\nBorn in 1980 and originally from Lille in the North of France. The artist draws his inspiration from the world around us. With his so particular style, which he has named &#8220;Courbisme&#8221; and his exacerbated vision of reality, Amaury Dubois <a href=\"https:\/\/shop.amaury-dubois.com\/en\/shop\/fine-art-print-pineapple\/\">creates colourful contemporary artworks<\/a>, rich in life and emotion. World-renowned, he has also carried out numerous large-scale projects, such as <a href=\"https:\/\/www.amaury-dubois.com\/en\/blog\/182-amaury-dubois-transforms-the-vault-of-a-church-#.XxGDdigzZPY\">the largest contemporary fresco ever created in a church in France<\/a> at Ch\u00e2telaillon-Plage, <a href=\"https:\/\/www.amaury-dubois.com\/en\/blog\/61-norpac-artistic-design-around-the-grand-stade-lille-metropole#.XxGDjSgzZPY\">the creation of custom-made frescoes for the Pierre-Mauroy Stadium in Lille<\/a> and the use of one of <a href=\"https:\/\/www.amaury-dubois.com\/en\/blog\/91-mcdonald-s-a-painting-for-the-last-mcdonald-s-ad-campaign-by-amaury-dubois-#.XxGDeCgzZPY\">his paintings for a McDonald&#8217;s advertising campaign.<\/a><\/p>\n<p style=\"text-align: center;\"><strong><span style=\"color: #000000;\"><a itemprop=\"url\" href=\"https:\/\/www.amaury-dubois.com\/en\/content\/6-biography-of-the-artist#.Xs5tLDozZPY\" target=\"_black\" style=\"color: #000000;background-color: #ffffff;border-color: #000000\" class=\"eltdf-btn eltdf-btn-medium eltdf-btn-solid eltdf-btn-custom-hover-bg eltdf-btn-custom-border-hover eltdf-btn-custom-hover-color\" data-hover-color=\"#ffffff\" data-hover-bg-color=\"#000000\" data-hover-border-color=\"#000000\" >\n    <span class=\"eltdf-btn-text\">Biography<\/span>\n    <i class=\"eltdf-icon-font-awesome  \" ><\/i><\/a><\/span><\/strong><\/p>\n","protected":false},"excerpt":{"rendered":"<p>Limited art poster, numbered and hand signed by the artist<\/p>\n<ul>\n<li>50&#215;70 cm\u00a0 \u00a0&#8211; Limited Edition of 15 copies<\/li>\n<li>60&#215;80 cm\u00a0 \u00a0&#8211; Limited Edition of 10 copies<\/li>\n<li>70&#215;100 cm &#8211; Limited Edition of 5 copies<\/li>\n<\/ul>\n","protected":false},"featured_media":21106,"comment_status":"open","ping_status":"closed","template":"","meta":{"jetpack_publicize_message":"","jetpack_is_tweetstorm":false,"jetpack_publicize_feature_enabled":true},"product_cat":[417,418,420],"product_tag":[457,406,506,463],"acf":[],"yoast_head":"<!-- This site is optimized with the Yoast SEO plugin v18.7 - https:\/\/yoast.com\/wordpress\/plugins\/seo\/ -->\n<title>Signed art poster featuring a reinterpretation of Edward Hopper&#039;s work - Orl\u00e9ans<\/title>\n<meta name=\"description\" content=\"Buy your signed and numbered reproduction of a contemporary artwork inspired by Edward Hopper online. Free shipping in France and Europe. Secure payment\" \/>\n<meta name=\"robots\" content=\"index, follow, max-snippet:-1, max-image-preview:large, max-video-preview:-1\" \/>\n<link rel=\"canonical\" href=\"https:\/\/shop.amaury-dubois.com\/en\/shop\/hopper-orlean\/\" \/>\n<meta property=\"og:locale\" content=\"en_US\" \/>\n<meta property=\"og:type\" content=\"article\" \/>\n<meta property=\"og:title\" content=\"Signed art poster featuring a reinterpretation of Edward Hopper&#039;s work - Orl\u00e9ans\" \/>\n<meta property=\"og:description\" content=\"Buy your signed and numbered reproduction of a contemporary painting inspired by Edward Hopper online. Free shipping in France and Europe. Secure payment\" \/>\n<meta property=\"og:url\" content=\"https:\/\/shop.amaury-dubois.com\/en\/shop\/hopper-orlean\/\" \/>\n<meta property=\"og:site_name\" content=\"Amaury Dubois - Reproduction\" \/>\n<meta property=\"article:publisher\" content=\"https:\/\/www.facebook.com\/Amaury.Dubois.artiste.peintre.painter\" \/>\n<meta property=\"article:modified_time\" content=\"2026-05-07T07:42:26+00:00\" \/>\n<meta property=\"og:image\" content=\"https:\/\/shop.amaury-dubois.com\/wp-content\/uploads\/2026\/05\/reproduction-tableau-orlean-hooper.jpg\" \/>\n\t<meta property=\"og:image:width\" content=\"800\" \/>\n\t<meta property=\"og:image:height\" content=\"800\" \/>\n\t<meta property=\"og:image:type\" content=\"image\/jpeg\" \/>\n<meta name=\"twitter:card\" content=\"summary_large_image\" \/>\n<meta name=\"twitter:title\" content=\"Signed art poster featuring a reinterpretation of Edward Hopper&#039;s work - Orl\u00e9ans\" \/>\n<meta name=\"twitter:description\" content=\"Buy your signed and numbered reproduction of a contemporary painting inspired by Edward Hopper online. Free shipping in France and Europe. Secure payment\" \/>\n<meta name=\"twitter:image\" content=\"https:\/\/shop.amaury-dubois.com\/wp-content\/uploads\/2026\/05\/reproduction-tableau-orlean-hooper.jpg\" \/>\n<meta name=\"twitter:label1\" content=\"Est. reading time\" \/>\n\t<meta name=\"twitter:data1\" content=\"4 minutes\" \/>\n<script type=\"application\/ld+json\" class=\"yoast-schema-graph\">{\"@context\":\"https:\/\/schema.org\",\"@graph\":[{\"@type\":\"Organization\",\"@id\":\"https:\/\/shop.amaury-dubois.com\/#organization\",\"name\":\"Amaury Dubois Shop\",\"url\":\"https:\/\/shop.amaury-dubois.com\/\",\"sameAs\":[\"https:\/\/www.facebook.com\/Amaury.Dubois.artiste.peintre.painter\",\"https:\/\/www.instagram.com\/amaurydubois\/?modal=true\",\"https:\/\/www.youtube.com\/channel\/UCHGETig_Jz6jDh5X93F2A7w\",\"https:\/\/www.pinterest.fr\/PainterArt\/boards\/\"],\"logo\":{\"@type\":\"ImageObject\",\"inLanguage\":\"en-US\",\"@id\":\"https:\/\/shop.amaury-dubois.com\/#\/schema\/logo\/image\/\",\"url\":\"https:\/\/shop.amaury-dubois.com\/wp-content\/uploads\/2020\/06\/Logo_AmauryDubois_couleur_shop_header.png\",\"contentUrl\":\"https:\/\/shop.amaury-dubois.com\/wp-content\/uploads\/2020\/06\/Logo_AmauryDubois_couleur_shop_header.png\",\"width\":1000,\"height\":333,\"caption\":\"Amaury Dubois Shop\"},\"image\":{\"@id\":\"https:\/\/shop.amaury-dubois.com\/#\/schema\/logo\/image\/\"}},{\"@type\":\"WebSite\",\"@id\":\"https:\/\/shop.amaury-dubois.com\/#website\",\"url\":\"https:\/\/shop.amaury-dubois.com\/\",\"name\":\"Amaury Dubois - Reproduction\",\"description\":\"Limited, signed and numbered reproductions of works by Amaury Dubois\",\"publisher\":{\"@id\":\"https:\/\/shop.amaury-dubois.com\/#organization\"},\"potentialAction\":[{\"@type\":\"SearchAction\",\"target\":{\"@type\":\"EntryPoint\",\"urlTemplate\":\"https:\/\/shop.amaury-dubois.com\/?s={search_term_string}\"},\"query-input\":\"required name=search_term_string\"}],\"inLanguage\":\"en-US\"},{\"@type\":\"ImageObject\",\"inLanguage\":\"en-US\",\"@id\":\"https:\/\/shop.amaury-dubois.com\/en\/shop\/hopper-orlean\/#primaryimage\",\"url\":\"https:\/\/shop.amaury-dubois.com\/wp-content\/uploads\/2026\/05\/reproduction-tableau-orlean-hooper.jpg\",\"contentUrl\":\"https:\/\/shop.amaury-dubois.com\/wp-content\/uploads\/2026\/05\/reproduction-tableau-orlean-hooper.jpg\",\"width\":800,\"height\":800,\"caption\":\"Affiche d'art sign\u00e9e d'une r\u00e9interpr\u00e9tation d'Edward Hooper - Orlean\"},{\"@type\":\"WebPage\",\"@id\":\"https:\/\/shop.amaury-dubois.com\/en\/shop\/hopper-orlean\/#webpage\",\"url\":\"https:\/\/shop.amaury-dubois.com\/en\/shop\/hopper-orlean\/\",\"name\":\"Signed art poster featuring a reinterpretation of Edward Hopper's work - Orl\u00e9ans\",\"isPartOf\":{\"@id\":\"https:\/\/shop.amaury-dubois.com\/#website\"},\"primaryImageOfPage\":{\"@id\":\"https:\/\/shop.amaury-dubois.com\/en\/shop\/hopper-orlean\/#primaryimage\"},\"datePublished\":\"2026-05-07T07:11:32+00:00\",\"dateModified\":\"2026-05-07T07:42:26+00:00\",\"description\":\"Buy your signed and numbered reproduction of a contemporary artwork inspired by Edward Hopper online. Free shipping in France and Europe. Secure payment\",\"breadcrumb\":{\"@id\":\"https:\/\/shop.amaury-dubois.com\/en\/shop\/hopper-orlean\/#breadcrumb\"},\"inLanguage\":\"en-US\",\"potentialAction\":[{\"@type\":\"ReadAction\",\"target\":[\"https:\/\/shop.amaury-dubois.com\/en\/shop\/hopper-orlean\/\"]}]},{\"@type\":\"BreadcrumbList\",\"@id\":\"https:\/\/shop.amaury-dubois.com\/en\/shop\/hopper-orlean\/#breadcrumb\",\"itemListElement\":[{\"@type\":\"ListItem\",\"position\":1,\"name\":\"Home\",\"item\":\"https:\/\/shop.amaury-dubois.com\/en\/\"},{\"@type\":\"ListItem\",\"position\":2,\"name\":\"Limited Edition Artwork & Numbered Signed Fine Art Prints\",\"item\":\"https:\/\/shop.amaury-dubois.com\/en\/eshop\/\"},{\"@type\":\"ListItem\",\"position\":3,\"name\":\"Hooper &#8211; Orlean\"}]}]}<\/script>\n<!-- \/ Yoast SEO plugin. -->","yoast_head_json":{"title":"Signed art poster featuring a reinterpretation of Edward Hopper's work - Orl\u00e9ans","description":"Buy your signed and numbered reproduction of a contemporary artwork inspired by Edward Hopper online. Free shipping in France and Europe. Secure payment","robots":{"index":"index","follow":"follow","max-snippet":"max-snippet:-1","max-image-preview":"max-image-preview:large","max-video-preview":"max-video-preview:-1"},"canonical":"https:\/\/shop.amaury-dubois.com\/en\/shop\/hopper-orlean\/","og_locale":"en_US","og_type":"article","og_title":"Signed art poster featuring a reinterpretation of Edward Hopper's work - Orl\u00e9ans","og_description":"Buy your signed and numbered reproduction of a contemporary painting inspired by Edward Hopper online. Free shipping in France and Europe. Secure payment","og_url":"https:\/\/shop.amaury-dubois.com\/en\/shop\/hopper-orlean\/","og_site_name":"Amaury Dubois - Reproduction","article_publisher":"https:\/\/www.facebook.com\/Amaury.Dubois.artiste.peintre.painter","article_modified_time":"2026-05-07T07:42:26+00:00","og_image":[{"width":800,"height":800,"url":"https:\/\/shop.amaury-dubois.com\/wp-content\/uploads\/2026\/05\/reproduction-tableau-orlean-hooper.jpg","type":"image\/jpeg"}],"twitter_card":"summary_large_image","twitter_title":"Signed art poster featuring a reinterpretation of Edward Hopper's work - Orl\u00e9ans","twitter_description":"Buy your signed and numbered reproduction of a contemporary painting inspired by Edward Hopper online. Free shipping in France and Europe. Secure payment","twitter_image":"https:\/\/shop.amaury-dubois.com\/wp-content\/uploads\/2026\/05\/reproduction-tableau-orlean-hooper.jpg","twitter_misc":{"Est. reading time":"4 minutes"},"schema":{"@context":"https:\/\/schema.org","@graph":[{"@type":"Organization","@id":"https:\/\/shop.amaury-dubois.com\/#organization","name":"Amaury Dubois Shop","url":"https:\/\/shop.amaury-dubois.com\/","sameAs":["https:\/\/www.facebook.com\/Amaury.Dubois.artiste.peintre.painter","https:\/\/www.instagram.com\/amaurydubois\/?modal=true","https:\/\/www.youtube.com\/channel\/UCHGETig_Jz6jDh5X93F2A7w","https:\/\/www.pinterest.fr\/PainterArt\/boards\/"],"logo":{"@type":"ImageObject","inLanguage":"en-US","@id":"https:\/\/shop.amaury-dubois.com\/#\/schema\/logo\/image\/","url":"https:\/\/shop.amaury-dubois.com\/wp-content\/uploads\/2020\/06\/Logo_AmauryDubois_couleur_shop_header.png","contentUrl":"https:\/\/shop.amaury-dubois.com\/wp-content\/uploads\/2020\/06\/Logo_AmauryDubois_couleur_shop_header.png","width":1000,"height":333,"caption":"Amaury Dubois Shop"},"image":{"@id":"https:\/\/shop.amaury-dubois.com\/#\/schema\/logo\/image\/"}},{"@type":"WebSite","@id":"https:\/\/shop.amaury-dubois.com\/#website","url":"https:\/\/shop.amaury-dubois.com\/","name":"Amaury Dubois - Reproduction","description":"Limited, signed and numbered reproductions of works by Amaury Dubois","publisher":{"@id":"https:\/\/shop.amaury-dubois.com\/#organization"},"potentialAction":[{"@type":"SearchAction","target":{"@type":"EntryPoint","urlTemplate":"https:\/\/shop.amaury-dubois.com\/?s={search_term_string}"},"query-input":"required name=search_term_string"}],"inLanguage":"en-US"},{"@type":"ImageObject","inLanguage":"en-US","@id":"https:\/\/shop.amaury-dubois.com\/en\/shop\/hopper-orlean\/#primaryimage","url":"https:\/\/shop.amaury-dubois.com\/wp-content\/uploads\/2026\/05\/reproduction-tableau-orlean-hooper.jpg","contentUrl":"https:\/\/shop.amaury-dubois.com\/wp-content\/uploads\/2026\/05\/reproduction-tableau-orlean-hooper.jpg","width":800,"height":800,"caption":"Affiche d'art sign\u00e9e d'une r\u00e9interpr\u00e9tation d'Edward Hooper - Orlean"},{"@type":"WebPage","@id":"https:\/\/shop.amaury-dubois.com\/en\/shop\/hopper-orlean\/#webpage","url":"https:\/\/shop.amaury-dubois.com\/en\/shop\/hopper-orlean\/","name":"Signed art poster featuring a reinterpretation of Edward Hopper's work - Orl\u00e9ans","isPartOf":{"@id":"https:\/\/shop.amaury-dubois.com\/#website"},"primaryImageOfPage":{"@id":"https:\/\/shop.amaury-dubois.com\/en\/shop\/hopper-orlean\/#primaryimage"},"datePublished":"2026-05-07T07:11:32+00:00","dateModified":"2026-05-07T07:42:26+00:00","description":"Buy your signed and numbered reproduction of a contemporary artwork inspired by Edward Hopper online. Free shipping in France and Europe. Secure payment","breadcrumb":{"@id":"https:\/\/shop.amaury-dubois.com\/en\/shop\/hopper-orlean\/#breadcrumb"},"inLanguage":"en-US","potentialAction":[{"@type":"ReadAction","target":["https:\/\/shop.amaury-dubois.com\/en\/shop\/hopper-orlean\/"]}]},{"@type":"BreadcrumbList","@id":"https:\/\/shop.amaury-dubois.com\/en\/shop\/hopper-orlean\/#breadcrumb","itemListElement":[{"@type":"ListItem","position":1,"name":"Home","item":"https:\/\/shop.amaury-dubois.com\/en\/"},{"@type":"ListItem","position":2,"name":"Limited Edition Artwork & Numbered Signed Fine Art Prints","item":"https:\/\/shop.amaury-dubois.com\/en\/eshop\/"},{"@type":"ListItem","position":3,"name":"Hooper &#8211; Orlean"}]}]}},"_links":{"self":[{"href":"https:\/\/shop.amaury-dubois.com\/en\/wp-json\/wp\/v2\/product\/21198"}],"collection":[{"href":"https:\/\/shop.amaury-dubois.com\/en\/wp-json\/wp\/v2\/product"}],"about":[{"href":"https:\/\/shop.amaury-dubois.com\/en\/wp-json\/wp\/v2\/types\/product"}],"replies":[{"embeddable":true,"href":"https:\/\/shop.amaury-dubois.com\/en\/wp-json\/wp\/v2\/comments?post=21198"}],"wp:featuredmedia":[{"embeddable":true,"href":"https:\/\/shop.amaury-dubois.com\/en\/wp-json\/wp\/v2\/media\/21106"}],"wp:attachment":[{"href":"https:\/\/shop.amaury-dubois.com\/en\/wp-json\/wp\/v2\/media?parent=21198"}],"wp:term":[{"taxonomy":"product_cat","embeddable":true,"href":"https:\/\/shop.amaury-dubois.com\/en\/wp-json\/wp\/v2\/product_cat?post=21198"},{"taxonomy":"product_tag","embeddable":true,"href":"https:\/\/shop.amaury-dubois.com\/en\/wp-json\/wp\/v2\/product_tag?post=21198"}],"curies":[{"name":"wp","href":"https:\/\/api.w.org\/{rel}","templated":true}]}}