{"id":21133,"date":"2026-04-16T12:40:23","date_gmt":"2026-04-16T10:40:23","guid":{"rendered":"https:\/\/shop.amaury-dubois.com\/?post_type=product&#038;p=21133"},"modified":"2026-05-11T13:43:19","modified_gmt":"2026-05-11T11:43:19","slug":"skate-original-artwork","status":"publish","type":"product","link":"https:\/\/shop.amaury-dubois.com\/en\/shop\/skate-original-artwork\/","title":{"rendered":"Skate | Original artwork"},"content":{"rendered":"<h2><strong>Skate | Original stencil artwork on paper<\/strong><\/h2>\n<p>With SKATER, Amaury Dubois captures the moment suspended between momentum and balance.<br \/>\nThe figure, leaning forward, embodies daring, freedom, and that raw energy born of the asphalt. The body propels itself forward, almost weightless, like a signature traced in the air.<\/p>\n<p>In his stencil collection, the artist continues his work on paper with a composition of five superimposed layers. This layering brings sharpness, rhythm, and tension to the silhouette. The whole is then reworked with acrylic paint and a brush, in dialogue with his abstract language: vibrant texture, free brushstrokes, and a breath of color.<\/p>\n<p>The skateboarder thus becomes more than a movement\u2014he symbolizes the \u00e9lan vital, controlled risk-taking, the trajectory one chooses to chart for oneself.<\/p>\n<p><iframe title=\"Livre d&#039;art sign\u00e9 Amaury dubois\" width=\"1100\" height=\"619\" src=\"https:\/\/www.youtube.com\/embed\/WPH5yeuIMzI?feature=oembed&#038;enablejsapi=1&#038;origin=https:\/\/shop.amaury-dubois.com\" frameborder=\"0\" allow=\"accelerometer; autoplay; clipboard-write; encrypted-media; gyroscope; picture-in-picture; web-share\" referrerpolicy=\"strict-origin-when-cross-origin\" allowfullscreen><\/iframe><\/p>\n<p>&nbsp;<\/p>\n<hr \/>\n<p><img class=\"alignleft wp-image-7421 size-full\" src=\"https:\/\/shop.amaury-dubois.com\/wp-content\/uploads\/2020\/04\/biographie-artiste.jpg\" alt=\"\" width=\"117\" height=\"117\" srcset=\"https:\/\/shop.amaury-dubois.com\/wp-content\/uploads\/2020\/04\/biographie-artiste.jpg 117w, https:\/\/shop.amaury-dubois.com\/wp-content\/uploads\/2020\/04\/biographie-artiste-100x100.jpg 100w\" sizes=\"(max-width: 117px) 100vw, 117px\" \/><strong>Amaury Dubois\u00a0 <img class=\"size-full wp-image-7422 alignnone\" src=\"https:\/\/shop.amaury-dubois.com\/wp-content\/uploads\/2020\/04\/t\u00e9l\u00e9chargement.png\" alt=\"\" width=\"16\" height=\"11\" \/><\/strong> Born in 1980 and originally from Lille in the North of France. The artist draws his inspiration from the world around us. With his so particular style, which he has named &#8220;Courbisme&#8221; and his exacerbated vision of reality, Amaury Dubois <a href=\"https:\/\/shop.amaury-dubois.com\/en\/product-tag\/nature-en\/\">creates colourful contemporary artworks<\/a>, rich in life and emotion. World-renowned, he has also carried out numerous large-scale projects, such as <a href=\"https:\/\/www.amaury-dubois.com\/en\/blog\/182-amaury-dubois-transforms-the-vault-of-a-church-#.XxGDdigzZPY\">the largest contemporary fresco ever created in a church in France<\/a> at Ch\u00e2telaillon-Plage, <a href=\"https:\/\/www.amaury-dubois.com\/en\/blog\/61-norpac-artistic-design-around-the-grand-stade-lille-metropole#.XxGDjSgzZPY\">the creation of custom-made frescoes for the Pierre-Mauroy Stadium in Lille<\/a> and the use of one of <a href=\"https:\/\/www.amaury-dubois.com\/en\/blog\/91-mcdonald-s-a-painting-for-the-last-mcdonald-s-ad-campaign-by-amaury-dubois-#.XxGDeCgzZPY\">his paintings for a McDonald&#8217;s advertising campaign.<\/a><\/p>\n<p style=\"text-align: center;\"><strong><span style=\"color: #000000;\"><a itemprop=\"url\" href=\"https:\/\/www.amaury-dubois.com\/en\/content\/6-biography-of-the-artist#.Xs5tLDozZPY\" target=\"_black\" style=\"color: #000000;background-color: #ffffff;border-color: #000000\" class=\"eltdf-btn eltdf-btn-medium eltdf-btn-solid eltdf-btn-custom-hover-bg eltdf-btn-custom-border-hover eltdf-btn-custom-hover-color\" data-hover-color=\"#ffffff\" data-hover-bg-color=\"#000000\" data-hover-border-color=\"#000000\" >\n    <span class=\"eltdf-btn-text\">Biography<\/span>\n    <i class=\"eltdf-icon-font-awesome  \" ><\/i><\/a><\/span><\/strong><\/p>\n","protected":false},"excerpt":{"rendered":"<p>Size: 50 x 70 cm<\/p>\n<p>Medium: Mixed media on paper<\/p>\n<p>Frame: Black wood<\/p>\n<p>&nbsp;<\/p>\n<p>This is an original stencil artwork on paper, signed, accompanied by a certificate of authenticity and carefully framed.<\/p>\n","protected":false},"featured_media":21267,"comment_status":"open","ping_status":"closed","template":"","meta":{"jetpack_publicize_message":"","jetpack_is_tweetstorm":false,"jetpack_publicize_feature_enabled":true},"product_cat":[529],"product_tag":[415,485,410,464],"acf":[],"yoast_head":"<!-- This site is optimized with the Yoast SEO plugin v18.7 - https:\/\/yoast.com\/wordpress\/plugins\/seo\/ -->\n<title>Original signed &quot;Skate&quot; stencil artwork on paper by Amaury Dubois<\/title>\n<meta name=\"description\" content=\"Original artwork of skate on paper by Amaury Dubois. A one-of-a-kind piece, signed, framed, and accompanied by a certificate of authenticity. \u201cSkate,\u201d combining stencil art and abstraction in acrylic.\" \/>\n<meta name=\"robots\" content=\"index, follow, max-snippet:-1, max-image-preview:large, max-video-preview:-1\" \/>\n<link rel=\"canonical\" href=\"https:\/\/shop.amaury-dubois.com\/en\/shop\/skate-original-artwork\/\" \/>\n<meta property=\"og:locale\" content=\"en_US\" \/>\n<meta property=\"og:type\" content=\"article\" \/>\n<meta property=\"og:title\" content=\"Angel | Original work on paper\" \/>\n<meta property=\"og:description\" content=\"Original artwork on paper by Amaury Dubois. A one-of-a-kind piece, signed, framed, and accompanied by a certificate of authenticity. \u201cAngel,\u201d combining stencil art and abstraction in acrylic.\" \/>\n<meta property=\"og:url\" content=\"https:\/\/shop.amaury-dubois.com\/en\/shop\/skate-original-artwork\/\" \/>\n<meta property=\"og:site_name\" content=\"Amaury Dubois - Reproduction\" \/>\n<meta property=\"article:publisher\" content=\"https:\/\/www.facebook.com\/Amaury.Dubois.artiste.peintre.painter\" \/>\n<meta property=\"article:modified_time\" content=\"2026-05-11T11:43:19+00:00\" \/>\n<meta property=\"og:image\" content=\"https:\/\/shop.amaury-dubois.com\/wp-content\/uploads\/2026\/04\/oeuvre-sur-papier-ange-7.jpg\" \/>\n\t<meta property=\"og:image:width\" content=\"1000\" \/>\n\t<meta property=\"og:image:height\" content=\"1000\" \/>\n\t<meta property=\"og:image:type\" content=\"image\/jpeg\" \/>\n<meta name=\"twitter:card\" content=\"summary_large_image\" \/>\n<meta name=\"twitter:title\" content=\"Angel | Original work on paper\" \/>\n<meta name=\"twitter:description\" content=\"Original artwork on paper by Amaury Dubois. A one-of-a-kind piece, signed, framed, and accompanied by a certificate of authenticity. \u201cAngel,\u201d combining stencil art and abstraction in acrylic.\" \/>\n<meta name=\"twitter:image\" content=\"https:\/\/shop.amaury-dubois.com\/wp-content\/uploads\/2025\/11\/20250123_135455-e1762535633670.jpg\" \/>\n<meta name=\"twitter:label1\" content=\"Est. reading time\" \/>\n\t<meta name=\"twitter:data1\" content=\"2 minutes\" \/>\n<script type=\"application\/ld+json\" class=\"yoast-schema-graph\">{\"@context\":\"https:\/\/schema.org\",\"@graph\":[{\"@type\":\"Organization\",\"@id\":\"https:\/\/shop.amaury-dubois.com\/#organization\",\"name\":\"Amaury Dubois Shop\",\"url\":\"https:\/\/shop.amaury-dubois.com\/\",\"sameAs\":[\"https:\/\/www.facebook.com\/Amaury.Dubois.artiste.peintre.painter\",\"https:\/\/www.instagram.com\/amaurydubois\/?modal=true\",\"https:\/\/www.youtube.com\/channel\/UCHGETig_Jz6jDh5X93F2A7w\",\"https:\/\/www.pinterest.fr\/PainterArt\/boards\/\"],\"logo\":{\"@type\":\"ImageObject\",\"inLanguage\":\"en-US\",\"@id\":\"https:\/\/shop.amaury-dubois.com\/#\/schema\/logo\/image\/\",\"url\":\"https:\/\/shop.amaury-dubois.com\/wp-content\/uploads\/2020\/06\/Logo_AmauryDubois_couleur_shop_header.png\",\"contentUrl\":\"https:\/\/shop.amaury-dubois.com\/wp-content\/uploads\/2020\/06\/Logo_AmauryDubois_couleur_shop_header.png\",\"width\":1000,\"height\":333,\"caption\":\"Amaury Dubois Shop\"},\"image\":{\"@id\":\"https:\/\/shop.amaury-dubois.com\/#\/schema\/logo\/image\/\"}},{\"@type\":\"WebSite\",\"@id\":\"https:\/\/shop.amaury-dubois.com\/#website\",\"url\":\"https:\/\/shop.amaury-dubois.com\/\",\"name\":\"Amaury Dubois - Reproduction\",\"description\":\"Limited, signed and numbered reproductions of works by Amaury Dubois\",\"publisher\":{\"@id\":\"https:\/\/shop.amaury-dubois.com\/#organization\"},\"potentialAction\":[{\"@type\":\"SearchAction\",\"target\":{\"@type\":\"EntryPoint\",\"urlTemplate\":\"https:\/\/shop.amaury-dubois.com\/?s={search_term_string}\"},\"query-input\":\"required name=search_term_string\"}],\"inLanguage\":\"en-US\"},{\"@type\":\"ImageObject\",\"inLanguage\":\"en-US\",\"@id\":\"https:\/\/shop.amaury-dubois.com\/en\/shop\/skate-original-artwork\/#primaryimage\",\"url\":\"https:\/\/shop.amaury-dubois.com\/wp-content\/uploads\/2026\/04\/oeuvre-sur-papier-ange-7.jpg\",\"contentUrl\":\"https:\/\/shop.amaury-dubois.com\/wp-content\/uploads\/2026\/04\/oeuvre-sur-papier-ange-7.jpg\",\"width\":1000,\"height\":1000,\"caption\":\"Cr\u00e9ation sur papier, ange contemporain en technique pochoir, \u0153uvre originale sign\u00e9e.\"},{\"@type\":\"WebPage\",\"@id\":\"https:\/\/shop.amaury-dubois.com\/en\/shop\/skate-original-artwork\/#webpage\",\"url\":\"https:\/\/shop.amaury-dubois.com\/en\/shop\/skate-original-artwork\/\",\"name\":\"Original signed \\\"Skate\\\" stencil artwork on paper by Amaury Dubois\",\"isPartOf\":{\"@id\":\"https:\/\/shop.amaury-dubois.com\/#website\"},\"primaryImageOfPage\":{\"@id\":\"https:\/\/shop.amaury-dubois.com\/en\/shop\/skate-original-artwork\/#primaryimage\"},\"datePublished\":\"2026-04-16T10:40:23+00:00\",\"dateModified\":\"2026-05-11T11:43:19+00:00\",\"description\":\"Original artwork of skate on paper by Amaury Dubois. A one-of-a-kind piece, signed, framed, and accompanied by a certificate of authenticity. \u201cSkate,\u201d combining stencil art and abstraction in acrylic.\",\"breadcrumb\":{\"@id\":\"https:\/\/shop.amaury-dubois.com\/en\/shop\/skate-original-artwork\/#breadcrumb\"},\"inLanguage\":\"en-US\",\"potentialAction\":[{\"@type\":\"ReadAction\",\"target\":[\"https:\/\/shop.amaury-dubois.com\/en\/shop\/skate-original-artwork\/\"]}]},{\"@type\":\"BreadcrumbList\",\"@id\":\"https:\/\/shop.amaury-dubois.com\/en\/shop\/skate-original-artwork\/#breadcrumb\",\"itemListElement\":[{\"@type\":\"ListItem\",\"position\":1,\"name\":\"Home\",\"item\":\"https:\/\/shop.amaury-dubois.com\/en\/\"},{\"@type\":\"ListItem\",\"position\":2,\"name\":\"Limited Edition Artwork & Numbered Signed Fine Art Prints\",\"item\":\"https:\/\/shop.amaury-dubois.com\/en\/eshop\/\"},{\"@type\":\"ListItem\",\"position\":3,\"name\":\"Skate | Original artwork\"}]}]}<\/script>\n<!-- \/ Yoast SEO plugin. -->","yoast_head_json":{"title":"Original signed \"Skate\" stencil artwork on paper by Amaury Dubois","description":"Original artwork of skate on paper by Amaury Dubois. A one-of-a-kind piece, signed, framed, and accompanied by a certificate of authenticity. \u201cSkate,\u201d combining stencil art and abstraction in acrylic.","robots":{"index":"index","follow":"follow","max-snippet":"max-snippet:-1","max-image-preview":"max-image-preview:large","max-video-preview":"max-video-preview:-1"},"canonical":"https:\/\/shop.amaury-dubois.com\/en\/shop\/skate-original-artwork\/","og_locale":"en_US","og_type":"article","og_title":"Angel | Original work on paper","og_description":"Original artwork on paper by Amaury Dubois. A one-of-a-kind piece, signed, framed, and accompanied by a certificate of authenticity. \u201cAngel,\u201d combining stencil art and abstraction in acrylic.","og_url":"https:\/\/shop.amaury-dubois.com\/en\/shop\/skate-original-artwork\/","og_site_name":"Amaury Dubois - Reproduction","article_publisher":"https:\/\/www.facebook.com\/Amaury.Dubois.artiste.peintre.painter","article_modified_time":"2026-05-11T11:43:19+00:00","og_image":[{"width":1000,"height":1000,"url":"https:\/\/shop.amaury-dubois.com\/wp-content\/uploads\/2026\/04\/oeuvre-sur-papier-ange-7.jpg","type":"image\/jpeg"}],"twitter_card":"summary_large_image","twitter_title":"Angel | Original work on paper","twitter_description":"Original artwork on paper by Amaury Dubois. A one-of-a-kind piece, signed, framed, and accompanied by a certificate of authenticity. \u201cAngel,\u201d combining stencil art and abstraction in acrylic.","twitter_image":"https:\/\/shop.amaury-dubois.com\/wp-content\/uploads\/2025\/11\/20250123_135455-e1762535633670.jpg","twitter_misc":{"Est. reading time":"2 minutes"},"schema":{"@context":"https:\/\/schema.org","@graph":[{"@type":"Organization","@id":"https:\/\/shop.amaury-dubois.com\/#organization","name":"Amaury Dubois Shop","url":"https:\/\/shop.amaury-dubois.com\/","sameAs":["https:\/\/www.facebook.com\/Amaury.Dubois.artiste.peintre.painter","https:\/\/www.instagram.com\/amaurydubois\/?modal=true","https:\/\/www.youtube.com\/channel\/UCHGETig_Jz6jDh5X93F2A7w","https:\/\/www.pinterest.fr\/PainterArt\/boards\/"],"logo":{"@type":"ImageObject","inLanguage":"en-US","@id":"https:\/\/shop.amaury-dubois.com\/#\/schema\/logo\/image\/","url":"https:\/\/shop.amaury-dubois.com\/wp-content\/uploads\/2020\/06\/Logo_AmauryDubois_couleur_shop_header.png","contentUrl":"https:\/\/shop.amaury-dubois.com\/wp-content\/uploads\/2020\/06\/Logo_AmauryDubois_couleur_shop_header.png","width":1000,"height":333,"caption":"Amaury Dubois Shop"},"image":{"@id":"https:\/\/shop.amaury-dubois.com\/#\/schema\/logo\/image\/"}},{"@type":"WebSite","@id":"https:\/\/shop.amaury-dubois.com\/#website","url":"https:\/\/shop.amaury-dubois.com\/","name":"Amaury Dubois - Reproduction","description":"Limited, signed and numbered reproductions of works by Amaury Dubois","publisher":{"@id":"https:\/\/shop.amaury-dubois.com\/#organization"},"potentialAction":[{"@type":"SearchAction","target":{"@type":"EntryPoint","urlTemplate":"https:\/\/shop.amaury-dubois.com\/?s={search_term_string}"},"query-input":"required name=search_term_string"}],"inLanguage":"en-US"},{"@type":"ImageObject","inLanguage":"en-US","@id":"https:\/\/shop.amaury-dubois.com\/en\/shop\/skate-original-artwork\/#primaryimage","url":"https:\/\/shop.amaury-dubois.com\/wp-content\/uploads\/2026\/04\/oeuvre-sur-papier-ange-7.jpg","contentUrl":"https:\/\/shop.amaury-dubois.com\/wp-content\/uploads\/2026\/04\/oeuvre-sur-papier-ange-7.jpg","width":1000,"height":1000,"caption":"Cr\u00e9ation sur papier, ange contemporain en technique pochoir, \u0153uvre originale sign\u00e9e."},{"@type":"WebPage","@id":"https:\/\/shop.amaury-dubois.com\/en\/shop\/skate-original-artwork\/#webpage","url":"https:\/\/shop.amaury-dubois.com\/en\/shop\/skate-original-artwork\/","name":"Original signed \"Skate\" stencil artwork on paper by Amaury Dubois","isPartOf":{"@id":"https:\/\/shop.amaury-dubois.com\/#website"},"primaryImageOfPage":{"@id":"https:\/\/shop.amaury-dubois.com\/en\/shop\/skate-original-artwork\/#primaryimage"},"datePublished":"2026-04-16T10:40:23+00:00","dateModified":"2026-05-11T11:43:19+00:00","description":"Original artwork of skate on paper by Amaury Dubois. A one-of-a-kind piece, signed, framed, and accompanied by a certificate of authenticity. \u201cSkate,\u201d combining stencil art and abstraction in acrylic.","breadcrumb":{"@id":"https:\/\/shop.amaury-dubois.com\/en\/shop\/skate-original-artwork\/#breadcrumb"},"inLanguage":"en-US","potentialAction":[{"@type":"ReadAction","target":["https:\/\/shop.amaury-dubois.com\/en\/shop\/skate-original-artwork\/"]}]},{"@type":"BreadcrumbList","@id":"https:\/\/shop.amaury-dubois.com\/en\/shop\/skate-original-artwork\/#breadcrumb","itemListElement":[{"@type":"ListItem","position":1,"name":"Home","item":"https:\/\/shop.amaury-dubois.com\/en\/"},{"@type":"ListItem","position":2,"name":"Limited Edition Artwork & Numbered Signed Fine Art Prints","item":"https:\/\/shop.amaury-dubois.com\/en\/eshop\/"},{"@type":"ListItem","position":3,"name":"Skate | Original artwork"}]}]}},"_links":{"self":[{"href":"https:\/\/shop.amaury-dubois.com\/en\/wp-json\/wp\/v2\/product\/21133"}],"collection":[{"href":"https:\/\/shop.amaury-dubois.com\/en\/wp-json\/wp\/v2\/product"}],"about":[{"href":"https:\/\/shop.amaury-dubois.com\/en\/wp-json\/wp\/v2\/types\/product"}],"replies":[{"embeddable":true,"href":"https:\/\/shop.amaury-dubois.com\/en\/wp-json\/wp\/v2\/comments?post=21133"}],"wp:featuredmedia":[{"embeddable":true,"href":"https:\/\/shop.amaury-dubois.com\/en\/wp-json\/wp\/v2\/media\/21267"}],"wp:attachment":[{"href":"https:\/\/shop.amaury-dubois.com\/en\/wp-json\/wp\/v2\/media?parent=21133"}],"wp:term":[{"taxonomy":"product_cat","embeddable":true,"href":"https:\/\/shop.amaury-dubois.com\/en\/wp-json\/wp\/v2\/product_cat?post=21133"},{"taxonomy":"product_tag","embeddable":true,"href":"https:\/\/shop.amaury-dubois.com\/en\/wp-json\/wp\/v2\/product_tag?post=21133"}],"curies":[{"name":"wp","href":"https:\/\/api.w.org\/{rel}","templated":true}]}}