{"id":19445,"date":"2024-09-28T18:13:07","date_gmt":"2024-09-28T16:13:07","guid":{"rendered":"https:\/\/shop.amaury-dubois.com\/?post_type=product&#038;p=19445"},"modified":"2026-01-09T13:33:31","modified_gmt":"2026-01-09T12:33:31","slug":"fine-art-print-tropical","status":"publish","type":"product","link":"https:\/\/shop.amaury-dubois.com\/en\/shop\/fine-art-print-tropical\/","title":{"rendered":"Fine art print &#8211; Summer"},"content":{"rendered":"<h2><strong>Art poster of a colourful square tropical painting<\/strong><\/h2>\n<p><a href=\"https:\/\/shop.amaury-dubois.com\/en\/product-tag\/square\/\"><strong>In this square painting<\/strong><\/a>, a lush composition<a href=\"https:\/\/shop.amaury-dubois.com\/en\/shop\/fine-art-print-pineapple\/\"><strong> of tropical plants and pineapples<\/strong><\/a> unfolds against <strong>a green background<\/strong>. The shiny leaves,<a href=\"https:\/\/shop.amaury-dubois.com\/en\/shop\/fine-art-print-green\/\"> <strong>in deep shades of green<\/strong><\/a>, evoke <a href=\"https:\/\/shop.amaury-dubois.com\/en\/shop\/abstract-botanical-painting\/\">a vibrant jungle<\/a>, while <a href=\"https:\/\/shop.amaury-dubois.com\/en\/shop\/fine-art-print-pineapple-artwork\/\"><strong>the golden pineapples<\/strong><\/a> add a touch of warmth and sweetness. Every detail, from the textures of <a href=\"https:\/\/shop.amaury-dubois.com\/en\/shop\/abstract-fine-art-print-vegetal\/\"><strong>the leaves to the patterns of the pineapple<\/strong><\/a>, captures the essence of <a href=\"https:\/\/shop.amaury-dubois.com\/en\/shop\/fine-art-print-gauguin-tahiti\/\"><strong>an exotic paradise.<\/strong><\/a><\/p>\n<p>This artwork <a href=\"https:\/\/shop.amaury-dubois.com\/en\/product-category\/selection\/\">invites the viewer<\/a> to escape to sunlit places, where exuberant nature celebrates life. The harmony between the elements creates a joyful and refreshing atmosphere, perfect for brightening any space. <strong><a href=\"https:\/\/shop.amaury-dubois.com\/en\/shop\/bird-contemporary-photography\/\">An ode to tropical beauty<\/a>,<\/strong> full of vitality and color.<\/p>\n<p><img class=\"size-full wp-image-10543\" src=\"https:\/\/cdn.shortpixel.ai\/spai\/w_382+q_lossy+ret_img+to_webp\/https:\/\/shop.amaury-dubois.com\/wp-content\/uploads\/2021\/09\/affiche-art-artiste-contemporain.jpg\" alt=\"Affiche d'art sign\u00e9e artiste peintre contemporain\" width=\"424\" height=\"322\" data-spai=\"1\" data-spai-upd=\"424\" \/> \u00a0<img class=\"alignnone wp-image-18113 size-full\" src=\"https:\/\/shop.amaury-dubois.com\/wp-content\/uploads\/2024\/01\/reproduction-peinture-multicolore-8.jpg\" alt=\"Affiche exclusive d'un tableau carr\u00e9 abstrait, \u00e9dition limit\u00e9e, num\u00e9rot\u00e9e et sign\u00e9e par l'artiste, aux nuances audacieuses.\" width=\"424\" height=\"322\" data-spai=\"1\" data-spai-upd=\"427\" \/> <img class=\"size-full wp-image-10547\" src=\"https:\/\/cdn.shortpixel.ai\/spai\/w_384+q_lossy+ret_img+to_webp\/https:\/\/shop.amaury-dubois.com\/wp-content\/uploads\/2021\/09\/reproduction-tableau-artiste-contemporain.jpg\" alt=\"affiche d'art contemporain sign\u00e9e\" width=\"427\" height=\"322\" data-spai=\"1\" data-spai-upd=\"427\" \/><\/p>\n<h3><strong>Reproduction of a coloured square painting<\/strong><\/h3>\n<p>The reproductions are edited on Hahnem\u00fchle art paper. This museum quality paper offering a finely textured surface to perfectly retranscribe the colors and depth of the work, just like the original painting.<\/p>\n<p>After signature, numbering and the application of a security watermark attesting to the uniqueness and authenticity of your art print, it is delicately rolled by hand in silk paper, then inserted in a rigid tube ensuring its protection until its arrival in your hands. We also offer you to receive your order directly ready to hang by managing the framing for you.<\/p>\n<ul>\n<li><strong>The Fine Art Print is numbered and <a href=\"https:\/\/shop.amaury-dubois.com\/en\/your-walls-say-thank-you\/\">signed by hand by the artist in his studio<\/a>.<\/strong><\/li>\n<li><strong><a href=\"https:\/\/shop.amaury-dubois.com\/en\/shop\/heart-shaped-box-iii-copie\/\">Your limited edition artwork<\/a> is transmitted to you with its certificate of authenticity<\/strong><\/li>\n<li><strong>Fine art print on 100% cotton paper 308 gr Hahnem\u00fchle<\/strong><\/li>\n<\/ul>\n<p><iframe title=\"Affiches d&#039;art sign\u00e9es &amp; limit\u00e9es par l&#039;artiste peintre contemporain\" width=\"1100\" height=\"619\" src=\"https:\/\/www.youtube.com\/embed\/Drh1QCz_xFY?feature=oembed&#038;enablejsapi=1&#038;origin=https:\/\/shop.amaury-dubois.com\" frameborder=\"0\" allow=\"accelerometer; autoplay; clipboard-write; encrypted-media; gyroscope; picture-in-picture; web-share\" referrerpolicy=\"strict-origin-when-cross-origin\" allowfullscreen><\/iframe><\/p>\n<h4><strong><span style=\"font-size: 18px;\"> About the Artist<\/span><\/strong><\/h4>\n<hr \/>\n<p><img class=\"alignleft wp-image-7421 size-full\" src=\"https:\/\/shop.amaury-dubois.com\/wp-content\/uploads\/2020\/04\/biographie-artiste.jpg\" alt=\"\" width=\"117\" height=\"117\" srcset=\"https:\/\/shop.amaury-dubois.com\/wp-content\/uploads\/2020\/04\/biographie-artiste.jpg 117w, https:\/\/shop.amaury-dubois.com\/wp-content\/uploads\/2020\/04\/biographie-artiste-100x100.jpg 100w\" sizes=\"(max-width: 117px) 100vw, 117px\" \/><strong>Amaury Dubois\u00a0 <img class=\"size-full wp-image-7422 alignnone\" src=\"https:\/\/shop.amaury-dubois.com\/wp-content\/uploads\/2020\/04\/t\u00e9l\u00e9chargement.png\" alt=\"\" width=\"16\" height=\"11\" \/><\/strong> Born in 1980 and originally from Lille in the North of France. The artist draws his inspiration from the world around us. With his so particular style, which he has named &#8220;Courbisme&#8221; and his exacerbated vision of reality, Amaury Dubois <a href=\"https:\/\/shop.amaury-dubois.com\/en\/product-category\/fine-art-print\/art-photography\/urban\/\">creates colourful contemporary artworks<\/a>, rich in life and emotion. World-renowned, he has also carried out numerous large-scale projects, such as <a href=\"https:\/\/www.amaury-dubois.com\/en\/blog\/182-amaury-dubois-transforms-the-vault-of-a-church-#.XxGDdigzZPY\">the largest contemporary fresco ever created in a church in France<\/a> at Ch\u00e2telaillon-Plage, <a href=\"https:\/\/www.amaury-dubois.com\/en\/blog\/61-norpac-artistic-design-around-the-grand-stade-lille-metropole#.XxGDjSgzZPY\">the creation of custom-made frescoes for the Pierre-Mauroy Stadium in Lille<\/a> and the use of one of <a href=\"https:\/\/www.amaury-dubois.com\/en\/blog\/91-mcdonald-s-a-painting-for-the-last-mcdonald-s-ad-campaign-by-amaury-dubois-#.XxGDeCgzZPY\">his paintings for a McDonald&#8217;s advertising campaign.<\/a><\/p>\n<p style=\"text-align: center;\"><strong><span style=\"color: #000000;\"><a itemprop=\"url\" href=\"https:\/\/www.amaury-dubois.com\/en\/content\/6-biography-of-the-artist#.Xs5tLDozZPY\" target=\"_black\" style=\"color: #000000;background-color: #ffffff;border-color: #000000\" class=\"eltdf-btn eltdf-btn-medium eltdf-btn-solid eltdf-btn-custom-hover-bg eltdf-btn-custom-border-hover eltdf-btn-custom-hover-color\" data-hover-color=\"#ffffff\" data-hover-bg-color=\"#000000\" data-hover-border-color=\"#000000\" >\n    <span class=\"eltdf-btn-text\">Biography<\/span>\n    <i class=\"eltdf-icon-font-awesome  \" ><\/i><\/a><\/span><\/strong><\/p>\n","protected":false},"excerpt":{"rendered":"<p>Limited edition, numbered and hand-signed by the artist.<\/p>\n<ul>\n<li>50&#215;50 cm\u00a0 \u00a0&#8211; Limited Edition of 15 copies<\/li>\n<li>60&#215;60 cm\u00a0 \u00a0&#8211; Limited Edition of 10 copies<\/li>\n<\/ul>\n","protected":false},"featured_media":19394,"comment_status":"open","ping_status":"closed","template":"","meta":{"jetpack_publicize_message":"","jetpack_is_tweetstorm":false,"jetpack_publicize_feature_enabled":true},"product_cat":[417,418,420],"product_tag":[409,414,413,465],"acf":[],"yoast_head":"<!-- This site is optimized with the Yoast SEO plugin v18.7 - https:\/\/yoast.com\/wordpress\/plugins\/seo\/ -->\n<title>Art poster of a colourful square tropical paintingi in Limited edition<\/title>\n<meta name=\"description\" content=\"Buy your limited edition fine art print of a coloured square tropical vegetal painting, numbered and signed by the artist. Free delivery in France and Europe. Secure payment\" \/>\n<meta name=\"robots\" content=\"index, follow, max-snippet:-1, max-image-preview:large, max-video-preview:-1\" \/>\n<link rel=\"canonical\" href=\"https:\/\/shop.amaury-dubois.com\/en\/shop\/fine-art-print-tropical\/\" \/>\n<meta property=\"og:locale\" content=\"en_US\" \/>\n<meta property=\"og:type\" content=\"article\" \/>\n<meta property=\"og:title\" content=\"Art poster of a colourful square tropical painting - Limited edition numbered &amp; signed\" \/>\n<meta property=\"og:description\" content=\"Buy your limited edition fine art print of a coloured square tropical vegetal painting, numbered and signed by the artist. Free delivery in France and Europe. Secure payment\" \/>\n<meta property=\"og:url\" content=\"https:\/\/shop.amaury-dubois.com\/en\/shop\/fine-art-print-tropical\/\" \/>\n<meta property=\"og:site_name\" content=\"Amaury Dubois - Reproduction\" \/>\n<meta property=\"article:publisher\" content=\"https:\/\/www.facebook.com\/Amaury.Dubois.artiste.peintre.painter\" \/>\n<meta property=\"article:modified_time\" content=\"2026-01-09T12:33:31+00:00\" \/>\n<meta property=\"og:image\" content=\"https:\/\/shop.amaury-dubois.com\/wp-content\/uploads\/2024\/09\/reproduction-tableau-vegetal-7.jpg\" \/>\n\t<meta property=\"og:image:width\" content=\"424\" \/>\n\t<meta property=\"og:image:height\" content=\"322\" \/>\n\t<meta property=\"og:image:type\" content=\"image\/jpeg\" \/>\n<meta name=\"twitter:card\" content=\"summary_large_image\" \/>\n<meta name=\"twitter:title\" content=\"Art poster of a colourful square tropical painting - Limited edition numbered &amp; signed\" \/>\n<meta name=\"twitter:description\" content=\"Buy your limited edition fine art print of a coloured square tropical vegetal painting, numbered and signed by the artist. Free delivery in France and Europe. Secure payment\" \/>\n<meta name=\"twitter:image\" content=\"https:\/\/shop.amaury-dubois.com\/wp-content\/uploads\/2024\/09\/reproduction-tableau-vegetal-7.jpg\" \/>\n<meta name=\"twitter:label1\" content=\"Est. reading time\" \/>\n\t<meta name=\"twitter:data1\" content=\"3 minutes\" \/>\n<script type=\"application\/ld+json\" class=\"yoast-schema-graph\">{\"@context\":\"https:\/\/schema.org\",\"@graph\":[{\"@type\":\"Organization\",\"@id\":\"https:\/\/shop.amaury-dubois.com\/#organization\",\"name\":\"Amaury Dubois Shop\",\"url\":\"https:\/\/shop.amaury-dubois.com\/\",\"sameAs\":[\"https:\/\/www.facebook.com\/Amaury.Dubois.artiste.peintre.painter\",\"https:\/\/www.instagram.com\/amaurydubois\/?modal=true\",\"https:\/\/www.youtube.com\/channel\/UCHGETig_Jz6jDh5X93F2A7w\",\"https:\/\/www.pinterest.fr\/PainterArt\/boards\/\"],\"logo\":{\"@type\":\"ImageObject\",\"inLanguage\":\"en-US\",\"@id\":\"https:\/\/shop.amaury-dubois.com\/#\/schema\/logo\/image\/\",\"url\":\"https:\/\/shop.amaury-dubois.com\/wp-content\/uploads\/2020\/06\/Logo_AmauryDubois_couleur_shop_header.png\",\"contentUrl\":\"https:\/\/shop.amaury-dubois.com\/wp-content\/uploads\/2020\/06\/Logo_AmauryDubois_couleur_shop_header.png\",\"width\":1000,\"height\":333,\"caption\":\"Amaury Dubois Shop\"},\"image\":{\"@id\":\"https:\/\/shop.amaury-dubois.com\/#\/schema\/logo\/image\/\"}},{\"@type\":\"WebSite\",\"@id\":\"https:\/\/shop.amaury-dubois.com\/#website\",\"url\":\"https:\/\/shop.amaury-dubois.com\/\",\"name\":\"Amaury Dubois - Reproduction\",\"description\":\"Limited, signed and numbered reproductions of works by Amaury Dubois\",\"publisher\":{\"@id\":\"https:\/\/shop.amaury-dubois.com\/#organization\"},\"potentialAction\":[{\"@type\":\"SearchAction\",\"target\":{\"@type\":\"EntryPoint\",\"urlTemplate\":\"https:\/\/shop.amaury-dubois.com\/?s={search_term_string}\"},\"query-input\":\"required name=search_term_string\"}],\"inLanguage\":\"en-US\"},{\"@type\":\"ImageObject\",\"inLanguage\":\"en-US\",\"@id\":\"https:\/\/shop.amaury-dubois.com\/en\/shop\/fine-art-print-tropical\/#primaryimage\",\"url\":\"https:\/\/shop.amaury-dubois.com\/wp-content\/uploads\/2024\/09\/reproduction-tableau-vegetal-7.jpg\",\"contentUrl\":\"https:\/\/shop.amaury-dubois.com\/wp-content\/uploads\/2024\/09\/reproduction-tableau-vegetal-7.jpg\",\"width\":424,\"height\":322,\"caption\":\"Colorful tropical bouquet print \u2013 square art reproduction\"},{\"@type\":\"WebPage\",\"@id\":\"https:\/\/shop.amaury-dubois.com\/en\/shop\/fine-art-print-tropical\/#webpage\",\"url\":\"https:\/\/shop.amaury-dubois.com\/en\/shop\/fine-art-print-tropical\/\",\"name\":\"Art poster of a colourful square tropical paintingi in Limited edition\",\"isPartOf\":{\"@id\":\"https:\/\/shop.amaury-dubois.com\/#website\"},\"primaryImageOfPage\":{\"@id\":\"https:\/\/shop.amaury-dubois.com\/en\/shop\/fine-art-print-tropical\/#primaryimage\"},\"datePublished\":\"2024-09-28T16:13:07+00:00\",\"dateModified\":\"2026-01-09T12:33:31+00:00\",\"description\":\"Buy your limited edition fine art print of a coloured square tropical vegetal painting, numbered and signed by the artist. Free delivery in France and Europe. Secure payment\",\"breadcrumb\":{\"@id\":\"https:\/\/shop.amaury-dubois.com\/en\/shop\/fine-art-print-tropical\/#breadcrumb\"},\"inLanguage\":\"en-US\",\"potentialAction\":[{\"@type\":\"ReadAction\",\"target\":[\"https:\/\/shop.amaury-dubois.com\/en\/shop\/fine-art-print-tropical\/\"]}]},{\"@type\":\"BreadcrumbList\",\"@id\":\"https:\/\/shop.amaury-dubois.com\/en\/shop\/fine-art-print-tropical\/#breadcrumb\",\"itemListElement\":[{\"@type\":\"ListItem\",\"position\":1,\"name\":\"Home\",\"item\":\"https:\/\/shop.amaury-dubois.com\/en\/\"},{\"@type\":\"ListItem\",\"position\":2,\"name\":\"Limited Edition Artwork & Numbered Signed Fine Art Prints\",\"item\":\"https:\/\/shop.amaury-dubois.com\/en\/eshop\/\"},{\"@type\":\"ListItem\",\"position\":3,\"name\":\"Fine art print &#8211; Summer\"}]}]}<\/script>\n<!-- \/ Yoast SEO plugin. -->","yoast_head_json":{"title":"Art poster of a colourful square tropical paintingi in Limited edition","description":"Buy your limited edition fine art print of a coloured square tropical vegetal painting, numbered and signed by the artist. Free delivery in France and Europe. Secure payment","robots":{"index":"index","follow":"follow","max-snippet":"max-snippet:-1","max-image-preview":"max-image-preview:large","max-video-preview":"max-video-preview:-1"},"canonical":"https:\/\/shop.amaury-dubois.com\/en\/shop\/fine-art-print-tropical\/","og_locale":"en_US","og_type":"article","og_title":"Art poster of a colourful square tropical painting - Limited edition numbered & signed","og_description":"Buy your limited edition fine art print of a coloured square tropical vegetal painting, numbered and signed by the artist. Free delivery in France and Europe. Secure payment","og_url":"https:\/\/shop.amaury-dubois.com\/en\/shop\/fine-art-print-tropical\/","og_site_name":"Amaury Dubois - Reproduction","article_publisher":"https:\/\/www.facebook.com\/Amaury.Dubois.artiste.peintre.painter","article_modified_time":"2026-01-09T12:33:31+00:00","og_image":[{"width":424,"height":322,"url":"https:\/\/shop.amaury-dubois.com\/wp-content\/uploads\/2024\/09\/reproduction-tableau-vegetal-7.jpg","type":"image\/jpeg"}],"twitter_card":"summary_large_image","twitter_title":"Art poster of a colourful square tropical painting - Limited edition numbered & signed","twitter_description":"Buy your limited edition fine art print of a coloured square tropical vegetal painting, numbered and signed by the artist. Free delivery in France and Europe. Secure payment","twitter_image":"https:\/\/shop.amaury-dubois.com\/wp-content\/uploads\/2024\/09\/reproduction-tableau-vegetal-7.jpg","twitter_misc":{"Est. reading time":"3 minutes"},"schema":{"@context":"https:\/\/schema.org","@graph":[{"@type":"Organization","@id":"https:\/\/shop.amaury-dubois.com\/#organization","name":"Amaury Dubois Shop","url":"https:\/\/shop.amaury-dubois.com\/","sameAs":["https:\/\/www.facebook.com\/Amaury.Dubois.artiste.peintre.painter","https:\/\/www.instagram.com\/amaurydubois\/?modal=true","https:\/\/www.youtube.com\/channel\/UCHGETig_Jz6jDh5X93F2A7w","https:\/\/www.pinterest.fr\/PainterArt\/boards\/"],"logo":{"@type":"ImageObject","inLanguage":"en-US","@id":"https:\/\/shop.amaury-dubois.com\/#\/schema\/logo\/image\/","url":"https:\/\/shop.amaury-dubois.com\/wp-content\/uploads\/2020\/06\/Logo_AmauryDubois_couleur_shop_header.png","contentUrl":"https:\/\/shop.amaury-dubois.com\/wp-content\/uploads\/2020\/06\/Logo_AmauryDubois_couleur_shop_header.png","width":1000,"height":333,"caption":"Amaury Dubois Shop"},"image":{"@id":"https:\/\/shop.amaury-dubois.com\/#\/schema\/logo\/image\/"}},{"@type":"WebSite","@id":"https:\/\/shop.amaury-dubois.com\/#website","url":"https:\/\/shop.amaury-dubois.com\/","name":"Amaury Dubois - Reproduction","description":"Limited, signed and numbered reproductions of works by Amaury Dubois","publisher":{"@id":"https:\/\/shop.amaury-dubois.com\/#organization"},"potentialAction":[{"@type":"SearchAction","target":{"@type":"EntryPoint","urlTemplate":"https:\/\/shop.amaury-dubois.com\/?s={search_term_string}"},"query-input":"required name=search_term_string"}],"inLanguage":"en-US"},{"@type":"ImageObject","inLanguage":"en-US","@id":"https:\/\/shop.amaury-dubois.com\/en\/shop\/fine-art-print-tropical\/#primaryimage","url":"https:\/\/shop.amaury-dubois.com\/wp-content\/uploads\/2024\/09\/reproduction-tableau-vegetal-7.jpg","contentUrl":"https:\/\/shop.amaury-dubois.com\/wp-content\/uploads\/2024\/09\/reproduction-tableau-vegetal-7.jpg","width":424,"height":322,"caption":"Colorful tropical bouquet print \u2013 square art reproduction"},{"@type":"WebPage","@id":"https:\/\/shop.amaury-dubois.com\/en\/shop\/fine-art-print-tropical\/#webpage","url":"https:\/\/shop.amaury-dubois.com\/en\/shop\/fine-art-print-tropical\/","name":"Art poster of a colourful square tropical paintingi in Limited edition","isPartOf":{"@id":"https:\/\/shop.amaury-dubois.com\/#website"},"primaryImageOfPage":{"@id":"https:\/\/shop.amaury-dubois.com\/en\/shop\/fine-art-print-tropical\/#primaryimage"},"datePublished":"2024-09-28T16:13:07+00:00","dateModified":"2026-01-09T12:33:31+00:00","description":"Buy your limited edition fine art print of a coloured square tropical vegetal painting, numbered and signed by the artist. Free delivery in France and Europe. Secure payment","breadcrumb":{"@id":"https:\/\/shop.amaury-dubois.com\/en\/shop\/fine-art-print-tropical\/#breadcrumb"},"inLanguage":"en-US","potentialAction":[{"@type":"ReadAction","target":["https:\/\/shop.amaury-dubois.com\/en\/shop\/fine-art-print-tropical\/"]}]},{"@type":"BreadcrumbList","@id":"https:\/\/shop.amaury-dubois.com\/en\/shop\/fine-art-print-tropical\/#breadcrumb","itemListElement":[{"@type":"ListItem","position":1,"name":"Home","item":"https:\/\/shop.amaury-dubois.com\/en\/"},{"@type":"ListItem","position":2,"name":"Limited Edition Artwork & Numbered Signed Fine Art Prints","item":"https:\/\/shop.amaury-dubois.com\/en\/eshop\/"},{"@type":"ListItem","position":3,"name":"Fine art print &#8211; Summer"}]}]}},"_links":{"self":[{"href":"https:\/\/shop.amaury-dubois.com\/en\/wp-json\/wp\/v2\/product\/19445"}],"collection":[{"href":"https:\/\/shop.amaury-dubois.com\/en\/wp-json\/wp\/v2\/product"}],"about":[{"href":"https:\/\/shop.amaury-dubois.com\/en\/wp-json\/wp\/v2\/types\/product"}],"replies":[{"embeddable":true,"href":"https:\/\/shop.amaury-dubois.com\/en\/wp-json\/wp\/v2\/comments?post=19445"}],"wp:featuredmedia":[{"embeddable":true,"href":"https:\/\/shop.amaury-dubois.com\/en\/wp-json\/wp\/v2\/media\/19394"}],"wp:attachment":[{"href":"https:\/\/shop.amaury-dubois.com\/en\/wp-json\/wp\/v2\/media?parent=19445"}],"wp:term":[{"taxonomy":"product_cat","embeddable":true,"href":"https:\/\/shop.amaury-dubois.com\/en\/wp-json\/wp\/v2\/product_cat?post=19445"},{"taxonomy":"product_tag","embeddable":true,"href":"https:\/\/shop.amaury-dubois.com\/en\/wp-json\/wp\/v2\/product_tag?post=19445"}],"curies":[{"name":"wp","href":"https:\/\/api.w.org\/{rel}","templated":true}]}}