{"id":18706,"date":"2024-01-30T08:42:10","date_gmt":"2024-01-30T07:42:10","guid":{"rendered":"https:\/\/shop.amaury-dubois.com\/?post_type=product&#038;p=18706"},"modified":"2026-01-09T13:41:04","modified_gmt":"2026-01-09T12:41:04","slug":"fine-art-print-pineapple-artwork","status":"publish","type":"product","link":"https:\/\/shop.amaury-dubois.com\/en\/shop\/fine-art-print-pineapple-artwork\/","title":{"rendered":"Fine art Print &#8211; Summer Vibes II"},"content":{"rendered":"<h2><strong>Pineapple artwork pop art in limited reproduction &#8220;<\/strong><strong>Summer Vibes II&#8221; <\/strong><\/h2>\n<p data-start=\"83\" data-end=\"416\">With this original <a href=\"https:\/\/shop.amaury-dubois.com\/en\/product-tag\/pop-art-en\/\"><strong>artwork blending pop art and surrealism<\/strong><\/a>, Amaury Dubois reimagines<a href=\"https:\/\/shop.amaury-dubois.com\/en\/shop\/fine-art-print-pineapple\/\"> the classic<strong> image of a pineapple<\/strong><\/a>, transforming it into a powerful and unexpected symbol. Visually fused with a grenade, this vibrant fruit becomes an invitation to <em data-start=\"329\" data-end=\"356\">pull the pin on your mind<\/em> \u2014 to look beyond appearances, realism, and the superficial.<\/p>\n<p data-start=\"418\" data-end=\"680\">With its <a href=\"https:\/\/shop.amaury-dubois.com\/en\/product-tag\/yellow\/\">bold colors and bright yellow background<\/a>, the piece evokes <a href=\"https:\/\/shop.amaury-dubois.com\/en\/product-tag\/imaginary\/\">an explosion of imagination<\/a> and the opening of new inner horizons. It\u2019s a reminder that behind familiar shapes lies a world of possibilities \u2014 a vibrant creative universe just waiting to emerge.<\/p>\n<p data-start=\"682\" data-end=\"787\">A bold, <a href=\"https:\/\/shop.amaury-dubois.com\/en\/product-tag\/pop-art-en\/\"><strong>meaningful pop reproduction<\/strong>,<\/a> perfect for energizing any space with humor, depth, and personality.<\/p>\n<h3><strong>High quality reproduction of contemporary pineapple artwork<\/strong><\/h3>\n<p><img class=\"alignnone wp-image-16327 size-full\" src=\"https:\/\/shop.amaury-dubois.com\/wp-content\/uploads\/2023\/05\/golfeur-affiche-art-tableau.jpg\" alt=\"affiche peinture golfeur\" width=\"424\" height=\"322\" \/> <img class=\"alignnone wp-image-18732 size-full\" src=\"https:\/\/shop.amaury-dubois.com\/wp-content\/uploads\/2024\/01\/affiche-art-ananas-pop-art-9-1.jpg\" alt=\"Ananas pop art contemporain : \u00e9dition sign\u00e9e par l'artiste en reproduction\" width=\"424\" height=\"322\" \/> <img class=\"alignnone wp-image-16325 size-full\" src=\"https:\/\/shop.amaury-dubois.com\/wp-content\/uploads\/2023\/05\/golfeur-affiche-art-peinture.jpg\" alt=\"affiche tableau golfeur\" width=\"424\" height=\"322\" \/><\/p>\n<p>The reproductions are edited on Hahnem\u00fchle art paper. This museum quality paper offering a finely textured surface to perfectly retranscribe the colors and depth of the work, just like the original painting.<\/p>\n<p>After signature, numbering and the application of a security watermark attesting to the uniqueness and authenticity of your art print, it is delicately rolled by hand in silk paper, then inserted in a rigid tube ensuring its protection until its arrival in your hands. We also offer you to receive your order directly ready to hang by managing the framing for you.<\/p>\n<ul>\n<li><strong>The Fine Art Print is numbered and <a href=\"https:\/\/shop.amaury-dubois.com\/en\/your-walls-say-thank-you\/\">signed by hand by the artist in his studio<\/a>.<\/strong><\/li>\n<li><strong>Your limited edition artwork is transmitted to you with its certificate of authenticity<\/strong><\/li>\n<\/ul>\n<p><iframe title=\"Affiches d&#039;art sign\u00e9es &amp; limit\u00e9es par l&#039;artiste peintre contemporain\" width=\"1100\" height=\"619\" src=\"https:\/\/www.youtube.com\/embed\/Drh1QCz_xFY?feature=oembed&#038;enablejsapi=1&#038;origin=https:\/\/shop.amaury-dubois.com\" frameborder=\"0\" allow=\"accelerometer; autoplay; clipboard-write; encrypted-media; gyroscope; picture-in-picture; web-share\" referrerpolicy=\"strict-origin-when-cross-origin\" allowfullscreen><\/iframe><\/p>\n<p>Discover also other abstract paintings <a href=\"https:\/\/shop.amaury-dubois.com\/en\/product-category\/fine-art-print\/\">reproductions signed and limited<\/a> by the painter artist: <a href=\"https:\/\/shop.amaury-dubois.com\/en\/shop\/big-bang\/\">blue abstract painting limited reproduction<\/a>, <a href=\"https:\/\/shop.amaury-dubois.com\/en\/shop\/butterfly\/\">fine art print of yellow and green abstract painting<\/a>, <a href=\"https:\/\/shop.amaury-dubois.com\/en\/shop\/stain-2\/\">blue abstract painting prints<\/a>, <a href=\"https:\/\/shop.amaury-dubois.com\/en\/shop\/blue-spirit\/\">blue abstract limited fine art print<\/a>, <a href=\"https:\/\/shop.amaury-dubois.com\/en\/shop\/pink\/\">Pink abstract painting signed reproduction<\/a>, <a href=\"https:\/\/shop.amaury-dubois.com\/en\/product-tag\/square\/\">Signed reproduction of square painting<\/a>. <a href=\"https:\/\/shop.amaury-dubois.com\/en\/shop\/color-seed\/\">Multicolor signed poster art print<\/a>, <a href=\"https:\/\/shop.amaury-dubois.com\/en\/shop\/abstract-soul-v-copie\/\">Yellow abstract limited fine art print<\/a>.<\/p>\n<pre class=\" language-css\"><\/pre>\n<h4><strong><span style=\"font-size: 18px;\"> About the Artist<\/span><\/strong><\/h4>\n<hr \/>\n<p><img class=\"alignleft wp-image-7421 size-full\" src=\"https:\/\/shop.amaury-dubois.com\/wp-content\/uploads\/2020\/04\/biographie-artiste.jpg\" alt=\"\" width=\"117\" height=\"117\" srcset=\"https:\/\/shop.amaury-dubois.com\/wp-content\/uploads\/2020\/04\/biographie-artiste.jpg 117w, https:\/\/shop.amaury-dubois.com\/wp-content\/uploads\/2020\/04\/biographie-artiste-100x100.jpg 100w\" sizes=\"(max-width: 117px) 100vw, 117px\" \/><strong>Amaury Dubois\u00a0 <img class=\"size-full wp-image-7422 alignnone\" src=\"https:\/\/shop.amaury-dubois.com\/wp-content\/uploads\/2020\/04\/t\u00e9l\u00e9chargement.png\" alt=\"\" width=\"16\" height=\"11\" \/><\/strong> Born in 1980 and originally from Lille in the North of France. The artist draws his inspiration from the world around us. With his so particular style, which he has named &#8220;Courbisme&#8221; and his exacerbated vision of reality, Amaury Dubois <a href=\"https:\/\/shop.amaury-dubois.com\/en\/product-tag\/forest\/\">creates colourful contemporary artworks<\/a>, rich in life and emotion. World-renowned, he has also carried out numerous large-scale projects, such as <a href=\"https:\/\/www.amaury-dubois.com\/en\/blog\/182-amaury-dubois-transforms-the-vault-of-a-church-#.XxGDdigzZPY\">the largest contemporary fresco ever created in a church in France<\/a> at Ch\u00e2telaillon-Plage, <a href=\"https:\/\/www.amaury-dubois.com\/en\/blog\/61-norpac-artistic-design-around-the-grand-stade-lille-metropole#.XxGDjSgzZPY\">the creation of custom-made frescoes for the Pierre-Mauroy Stadium in Lille<\/a> and the use of one of <a href=\"https:\/\/www.amaury-dubois.com\/en\/blog\/91-mcdonald-s-a-painting-for-the-last-mcdonald-s-ad-campaign-by-amaury-dubois-#.XxGDeCgzZPY\">his paintings for a McDonald&#8217;s advertising campaign.<\/a><\/p>\n<p style=\"text-align: center;\"><strong><span style=\"color: #000000;\"><a itemprop=\"url\" href=\"https:\/\/www.amaury-dubois.com\/en\/content\/6-biography-of-the-artist#.Xs5tLDozZPY\" target=\"_black\" style=\"color: #000000;background-color: #ffffff;border-color: #000000\" class=\"eltdf-btn eltdf-btn-medium eltdf-btn-solid eltdf-btn-custom-hover-bg eltdf-btn-custom-border-hover eltdf-btn-custom-hover-color\" data-hover-color=\"#ffffff\" data-hover-bg-color=\"#000000\" data-hover-border-color=\"#000000\" >\n    <span class=\"eltdf-btn-text\">Biography<\/span>\n    <i class=\"eltdf-icon-font-awesome  \" ><\/i><\/a><\/span><\/strong><\/p>\n","protected":false},"excerpt":{"rendered":"<p>Limited Green Abstract art poster, numbered and hand signed by the artist<\/p>\n<ul>\n<li>50&#215;60 cm\u00a0 \u00a0&#8211; Limited Edition of 20 copies<\/li>\n<li>60&#215;80 cm\u00a0 \u00a0&#8211; Limited Edition of 10 copies<\/li>\n<\/ul>\n<p>Free shipping within the European Union<\/p>\n","protected":false},"featured_media":18718,"comment_status":"open","ping_status":"closed","template":"","meta":{"jetpack_publicize_message":"","jetpack_is_tweetstorm":false,"jetpack_publicize_feature_enabled":true},"product_cat":[417,418,420,421],"product_tag":[488,410,464,408],"acf":[],"yoast_head":"<!-- This site is optimized with the Yoast SEO plugin v18.7 - https:\/\/yoast.com\/wordpress\/plugins\/seo\/ -->\n<title>Pineapple artwork pop art in limited &amp; signed Fine art print<\/title>\n<meta name=\"description\" content=\"Order your Pop Art Pineapple Painting Reproduction online \u2014 Limited &amp; Signed Art Edition by the Artist. Free Delivery in France and Europe.\" \/>\n<meta name=\"robots\" content=\"index, follow, max-snippet:-1, max-image-preview:large, max-video-preview:-1\" \/>\n<link rel=\"canonical\" href=\"https:\/\/shop.amaury-dubois.com\/en\/shop\/fine-art-print-pineapple-artwork\/\" \/>\n<meta property=\"og:locale\" content=\"en_US\" \/>\n<meta property=\"og:type\" content=\"article\" \/>\n<meta property=\"og:title\" content=\"High-Quality Limited Edition Signed &amp; Numbered Reproduction of Colorful Pineapple Artwork\" \/>\n<meta property=\"og:description\" content=\"Buy online your Reproduction of pineapple painting pop art, Art Edition signed &amp; limited by the artist painter. Free Delivery in France and Europe\" \/>\n<meta property=\"og:url\" content=\"https:\/\/shop.amaury-dubois.com\/en\/shop\/fine-art-print-pineapple-artwork\/\" \/>\n<meta property=\"og:site_name\" content=\"Amaury Dubois - Reproduction\" \/>\n<meta property=\"article:publisher\" content=\"https:\/\/www.facebook.com\/Amaury.Dubois.artiste.peintre.painter\" \/>\n<meta property=\"article:modified_time\" content=\"2026-01-09T12:41:04+00:00\" \/>\n<meta property=\"og:image\" content=\"https:\/\/shop.amaury-dubois.com\/wp-content\/uploads\/2024\/01\/affiche-art-ananas-pop-art-1-1.jpg\" \/>\n\t<meta property=\"og:image:width\" content=\"800\" \/>\n\t<meta property=\"og:image:height\" content=\"800\" \/>\n\t<meta property=\"og:image:type\" content=\"image\/jpeg\" \/>\n<meta name=\"twitter:card\" content=\"summary_large_image\" \/>\n<meta name=\"twitter:title\" content=\"High-Quality Limited Edition Signed &amp; Numbered Reproduction of Colorful Pineapple Artwork\" \/>\n<meta name=\"twitter:description\" content=\"Buy online your Reproduction of pineapple painting pop art, Art Edition signed &amp; limited by the artist painter. Free Delivery in France and Europe\" \/>\n<meta name=\"twitter:image\" content=\"https:\/\/shop.amaury-dubois.com\/wp-content\/uploads\/2024\/01\/affiche-art-ananas-pop-art-1-1.jpg\" \/>\n<meta name=\"twitter:label1\" content=\"Est. reading time\" \/>\n\t<meta name=\"twitter:data1\" content=\"4 minutes\" \/>\n<script type=\"application\/ld+json\" class=\"yoast-schema-graph\">{\"@context\":\"https:\/\/schema.org\",\"@graph\":[{\"@type\":\"Organization\",\"@id\":\"https:\/\/shop.amaury-dubois.com\/#organization\",\"name\":\"Amaury Dubois Shop\",\"url\":\"https:\/\/shop.amaury-dubois.com\/\",\"sameAs\":[\"https:\/\/www.facebook.com\/Amaury.Dubois.artiste.peintre.painter\",\"https:\/\/www.instagram.com\/amaurydubois\/?modal=true\",\"https:\/\/www.youtube.com\/channel\/UCHGETig_Jz6jDh5X93F2A7w\",\"https:\/\/www.pinterest.fr\/PainterArt\/boards\/\"],\"logo\":{\"@type\":\"ImageObject\",\"inLanguage\":\"en-US\",\"@id\":\"https:\/\/shop.amaury-dubois.com\/#\/schema\/logo\/image\/\",\"url\":\"https:\/\/shop.amaury-dubois.com\/wp-content\/uploads\/2020\/06\/Logo_AmauryDubois_couleur_shop_header.png\",\"contentUrl\":\"https:\/\/shop.amaury-dubois.com\/wp-content\/uploads\/2020\/06\/Logo_AmauryDubois_couleur_shop_header.png\",\"width\":1000,\"height\":333,\"caption\":\"Amaury Dubois Shop\"},\"image\":{\"@id\":\"https:\/\/shop.amaury-dubois.com\/#\/schema\/logo\/image\/\"}},{\"@type\":\"WebSite\",\"@id\":\"https:\/\/shop.amaury-dubois.com\/#website\",\"url\":\"https:\/\/shop.amaury-dubois.com\/\",\"name\":\"Amaury Dubois - Reproduction\",\"description\":\"Limited, signed and numbered reproductions of works by Amaury Dubois\",\"publisher\":{\"@id\":\"https:\/\/shop.amaury-dubois.com\/#organization\"},\"potentialAction\":[{\"@type\":\"SearchAction\",\"target\":{\"@type\":\"EntryPoint\",\"urlTemplate\":\"https:\/\/shop.amaury-dubois.com\/?s={search_term_string}\"},\"query-input\":\"required name=search_term_string\"}],\"inLanguage\":\"en-US\"},{\"@type\":\"ImageObject\",\"inLanguage\":\"en-US\",\"@id\":\"https:\/\/shop.amaury-dubois.com\/en\/shop\/fine-art-print-pineapple-artwork\/#primaryimage\",\"url\":\"https:\/\/shop.amaury-dubois.com\/wp-content\/uploads\/2024\/01\/affiche-art-ananas-pop-art-1-1.jpg\",\"contentUrl\":\"https:\/\/shop.amaury-dubois.com\/wp-content\/uploads\/2024\/01\/affiche-art-ananas-pop-art-1-1.jpg\",\"width\":800,\"height\":800,\"caption\":\"Ananas pop art contemporain : \u00e9dition limit\u00e9e sign\u00e9e par l'artiste en reproduction\"},{\"@type\":\"WebPage\",\"@id\":\"https:\/\/shop.amaury-dubois.com\/en\/shop\/fine-art-print-pineapple-artwork\/#webpage\",\"url\":\"https:\/\/shop.amaury-dubois.com\/en\/shop\/fine-art-print-pineapple-artwork\/\",\"name\":\"Pineapple artwork pop art in limited & signed Fine art print\",\"isPartOf\":{\"@id\":\"https:\/\/shop.amaury-dubois.com\/#website\"},\"primaryImageOfPage\":{\"@id\":\"https:\/\/shop.amaury-dubois.com\/en\/shop\/fine-art-print-pineapple-artwork\/#primaryimage\"},\"datePublished\":\"2024-01-30T07:42:10+00:00\",\"dateModified\":\"2026-01-09T12:41:04+00:00\",\"description\":\"Order your Pop Art Pineapple Painting Reproduction online \u2014 Limited & Signed Art Edition by the Artist. Free Delivery in France and Europe.\",\"breadcrumb\":{\"@id\":\"https:\/\/shop.amaury-dubois.com\/en\/shop\/fine-art-print-pineapple-artwork\/#breadcrumb\"},\"inLanguage\":\"en-US\",\"potentialAction\":[{\"@type\":\"ReadAction\",\"target\":[\"https:\/\/shop.amaury-dubois.com\/en\/shop\/fine-art-print-pineapple-artwork\/\"]}]},{\"@type\":\"BreadcrumbList\",\"@id\":\"https:\/\/shop.amaury-dubois.com\/en\/shop\/fine-art-print-pineapple-artwork\/#breadcrumb\",\"itemListElement\":[{\"@type\":\"ListItem\",\"position\":1,\"name\":\"Home\",\"item\":\"https:\/\/shop.amaury-dubois.com\/en\/\"},{\"@type\":\"ListItem\",\"position\":2,\"name\":\"Limited Edition Artwork & Numbered Signed Fine Art Prints\",\"item\":\"https:\/\/shop.amaury-dubois.com\/en\/eshop\/\"},{\"@type\":\"ListItem\",\"position\":3,\"name\":\"Fine art Print &#8211; Summer Vibes II\"}]}]}<\/script>\n<!-- \/ Yoast SEO plugin. -->","yoast_head_json":{"title":"Pineapple artwork pop art in limited & signed Fine art print","description":"Order your Pop Art Pineapple Painting Reproduction online \u2014 Limited & Signed Art Edition by the Artist. Free Delivery in France and Europe.","robots":{"index":"index","follow":"follow","max-snippet":"max-snippet:-1","max-image-preview":"max-image-preview:large","max-video-preview":"max-video-preview:-1"},"canonical":"https:\/\/shop.amaury-dubois.com\/en\/shop\/fine-art-print-pineapple-artwork\/","og_locale":"en_US","og_type":"article","og_title":"High-Quality Limited Edition Signed & Numbered Reproduction of Colorful Pineapple Artwork","og_description":"Buy online your Reproduction of pineapple painting pop art, Art Edition signed & limited by the artist painter. Free Delivery in France and Europe","og_url":"https:\/\/shop.amaury-dubois.com\/en\/shop\/fine-art-print-pineapple-artwork\/","og_site_name":"Amaury Dubois - Reproduction","article_publisher":"https:\/\/www.facebook.com\/Amaury.Dubois.artiste.peintre.painter","article_modified_time":"2026-01-09T12:41:04+00:00","og_image":[{"width":800,"height":800,"url":"https:\/\/shop.amaury-dubois.com\/wp-content\/uploads\/2024\/01\/affiche-art-ananas-pop-art-1-1.jpg","type":"image\/jpeg"}],"twitter_card":"summary_large_image","twitter_title":"High-Quality Limited Edition Signed & Numbered Reproduction of Colorful Pineapple Artwork","twitter_description":"Buy online your Reproduction of pineapple painting pop art, Art Edition signed & limited by the artist painter. Free Delivery in France and Europe","twitter_image":"https:\/\/shop.amaury-dubois.com\/wp-content\/uploads\/2024\/01\/affiche-art-ananas-pop-art-1-1.jpg","twitter_misc":{"Est. reading time":"4 minutes"},"schema":{"@context":"https:\/\/schema.org","@graph":[{"@type":"Organization","@id":"https:\/\/shop.amaury-dubois.com\/#organization","name":"Amaury Dubois Shop","url":"https:\/\/shop.amaury-dubois.com\/","sameAs":["https:\/\/www.facebook.com\/Amaury.Dubois.artiste.peintre.painter","https:\/\/www.instagram.com\/amaurydubois\/?modal=true","https:\/\/www.youtube.com\/channel\/UCHGETig_Jz6jDh5X93F2A7w","https:\/\/www.pinterest.fr\/PainterArt\/boards\/"],"logo":{"@type":"ImageObject","inLanguage":"en-US","@id":"https:\/\/shop.amaury-dubois.com\/#\/schema\/logo\/image\/","url":"https:\/\/shop.amaury-dubois.com\/wp-content\/uploads\/2020\/06\/Logo_AmauryDubois_couleur_shop_header.png","contentUrl":"https:\/\/shop.amaury-dubois.com\/wp-content\/uploads\/2020\/06\/Logo_AmauryDubois_couleur_shop_header.png","width":1000,"height":333,"caption":"Amaury Dubois Shop"},"image":{"@id":"https:\/\/shop.amaury-dubois.com\/#\/schema\/logo\/image\/"}},{"@type":"WebSite","@id":"https:\/\/shop.amaury-dubois.com\/#website","url":"https:\/\/shop.amaury-dubois.com\/","name":"Amaury Dubois - Reproduction","description":"Limited, signed and numbered reproductions of works by Amaury Dubois","publisher":{"@id":"https:\/\/shop.amaury-dubois.com\/#organization"},"potentialAction":[{"@type":"SearchAction","target":{"@type":"EntryPoint","urlTemplate":"https:\/\/shop.amaury-dubois.com\/?s={search_term_string}"},"query-input":"required name=search_term_string"}],"inLanguage":"en-US"},{"@type":"ImageObject","inLanguage":"en-US","@id":"https:\/\/shop.amaury-dubois.com\/en\/shop\/fine-art-print-pineapple-artwork\/#primaryimage","url":"https:\/\/shop.amaury-dubois.com\/wp-content\/uploads\/2024\/01\/affiche-art-ananas-pop-art-1-1.jpg","contentUrl":"https:\/\/shop.amaury-dubois.com\/wp-content\/uploads\/2024\/01\/affiche-art-ananas-pop-art-1-1.jpg","width":800,"height":800,"caption":"Ananas pop art contemporain : \u00e9dition limit\u00e9e sign\u00e9e par l'artiste en reproduction"},{"@type":"WebPage","@id":"https:\/\/shop.amaury-dubois.com\/en\/shop\/fine-art-print-pineapple-artwork\/#webpage","url":"https:\/\/shop.amaury-dubois.com\/en\/shop\/fine-art-print-pineapple-artwork\/","name":"Pineapple artwork pop art in limited & signed Fine art print","isPartOf":{"@id":"https:\/\/shop.amaury-dubois.com\/#website"},"primaryImageOfPage":{"@id":"https:\/\/shop.amaury-dubois.com\/en\/shop\/fine-art-print-pineapple-artwork\/#primaryimage"},"datePublished":"2024-01-30T07:42:10+00:00","dateModified":"2026-01-09T12:41:04+00:00","description":"Order your Pop Art Pineapple Painting Reproduction online \u2014 Limited & Signed Art Edition by the Artist. Free Delivery in France and Europe.","breadcrumb":{"@id":"https:\/\/shop.amaury-dubois.com\/en\/shop\/fine-art-print-pineapple-artwork\/#breadcrumb"},"inLanguage":"en-US","potentialAction":[{"@type":"ReadAction","target":["https:\/\/shop.amaury-dubois.com\/en\/shop\/fine-art-print-pineapple-artwork\/"]}]},{"@type":"BreadcrumbList","@id":"https:\/\/shop.amaury-dubois.com\/en\/shop\/fine-art-print-pineapple-artwork\/#breadcrumb","itemListElement":[{"@type":"ListItem","position":1,"name":"Home","item":"https:\/\/shop.amaury-dubois.com\/en\/"},{"@type":"ListItem","position":2,"name":"Limited Edition Artwork & Numbered Signed Fine Art Prints","item":"https:\/\/shop.amaury-dubois.com\/en\/eshop\/"},{"@type":"ListItem","position":3,"name":"Fine art Print &#8211; Summer Vibes II"}]}]}},"_links":{"self":[{"href":"https:\/\/shop.amaury-dubois.com\/en\/wp-json\/wp\/v2\/product\/18706"}],"collection":[{"href":"https:\/\/shop.amaury-dubois.com\/en\/wp-json\/wp\/v2\/product"}],"about":[{"href":"https:\/\/shop.amaury-dubois.com\/en\/wp-json\/wp\/v2\/types\/product"}],"replies":[{"embeddable":true,"href":"https:\/\/shop.amaury-dubois.com\/en\/wp-json\/wp\/v2\/comments?post=18706"}],"wp:featuredmedia":[{"embeddable":true,"href":"https:\/\/shop.amaury-dubois.com\/en\/wp-json\/wp\/v2\/media\/18718"}],"wp:attachment":[{"href":"https:\/\/shop.amaury-dubois.com\/en\/wp-json\/wp\/v2\/media?parent=18706"}],"wp:term":[{"taxonomy":"product_cat","embeddable":true,"href":"https:\/\/shop.amaury-dubois.com\/en\/wp-json\/wp\/v2\/product_cat?post=18706"},{"taxonomy":"product_tag","embeddable":true,"href":"https:\/\/shop.amaury-dubois.com\/en\/wp-json\/wp\/v2\/product_tag?post=18706"}],"curies":[{"name":"wp","href":"https:\/\/api.w.org\/{rel}","templated":true}]}}